{"id":31042,"date":"2025-02-02T17:13:59","date_gmt":"2025-02-02T17:13:59","guid":{"rendered":"https:\/\/gamespot.com.pl\/?post_type=product&#038;p=31042"},"modified":"2025-04-12T00:46:11","modified_gmt":"2025-04-12T00:46:11","slug":"dolphin-spirit-ocean-mission-switch","status":"publish","type":"product","link":"https:\/\/gamespot.com.pl\/uk\/produkt\/dolphin-spirit-ocean-mission-switch\/","title":{"rendered":"Dolphin Spirit Ocean Mission (Switch)"},"content":{"rendered":"<p>Dolphin Spirit Ocean Mission na Nintendo Switch to oryginalna historia pe\u0142na tajemnic i magii. Zabawny spos\u00f3b na nauk\u0119 ekologii przy u\u017cyciu dobrze zbadanych materia\u0142\u00f3w<\/p>\n<p>Zako\u0144czenie prac nad kodeksem r\u00f3\u017cnych gatunk\u00f3w morskich. Dzikie, kolorowe krajobrazy do odkrycia.<\/p>\n<p>Twoje wakacje na wyspie Maupiroa nie b\u0119d\u0105 \u0142atwe!<\/p>\n","protected":false},"excerpt":{"rendered":"<p>Zako\u0144czenie prac nad kodeksem r\u00f3\u017cnych gatunk\u00f3w morskich. Dzikie, kolorowe krajobrazy do odkrycia.<\/p>\n","protected":false},"featured_media":31043,"comment_status":"open","ping_status":"closed","template":"","meta":[],"product_brand":[],"product_cat":[1203],"product_tag":[],"class_list":{"0":"post-31042","1":"product","2":"type-product","3":"status-publish","4":"has-post-thumbnail","6":"product_cat-prigodi-ekshn-igry-nintendo-switch","8":"first","9":"instock","10":"shipping-taxable","11":"purchasable","12":"product-type-simple"},"_links":{"self":[{"href":"https:\/\/gamespot.com.pl\/uk\/wp-json\/wp\/v2\/product\/31042","targetHints":{"allow":["GET"]}}],"collection":[{"href":"https:\/\/gamespot.com.pl\/uk\/wp-json\/wp\/v2\/product"}],"about":[{"href":"https:\/\/gamespot.com.pl\/uk\/wp-json\/wp\/v2\/types\/product"}],"replies":[{"embeddable":true,"href":"https:\/\/gamespot.com.pl\/uk\/wp-json\/wp\/v2\/comments?post=31042"}],"version-history":[{"count":1,"href":"https:\/\/gamespot.com.pl\/uk\/wp-json\/wp\/v2\/product\/31042\/revisions"}],"predecessor-version":[{"id":31044,"href":"https:\/\/gamespot.com.pl\/uk\/wp-json\/wp\/v2\/product\/31042\/revisions\/31044"}],"wp:featuredmedia":[{"embeddable":true,"href":"https:\/\/gamespot.com.pl\/uk\/wp-json\/wp\/v2\/media\/31043"}],"wp:attachment":[{"href":"https:\/\/gamespot.com.pl\/uk\/wp-json\/wp\/v2\/media?parent=31042"}],"wp:term":[{"taxonomy":"product_brand","embeddable":true,"href":"https:\/\/gamespot.com.pl\/uk\/wp-json\/wp\/v2\/product_brand?post=31042"},{"taxonomy":"product_cat","embeddable":true,"href":"https:\/\/gamespot.com.pl\/uk\/wp-json\/wp\/v2\/product_cat?post=31042"},{"taxonomy":"product_tag","embeddable":true,"href":"https:\/\/gamespot.com.pl\/uk\/wp-json\/wp\/v2\/product_tag?post=31042"}],"curies":[{"name":"wp","href":"https:\/\/api.w.org\/{rel}","templated":true}]}}